{"id":24,"date":"2020-10-18T13:58:45","date_gmt":"2020-10-18T13:58:45","guid":{"rendered":"https:\/\/viajesgeoturismo.com\/?page_id=24"},"modified":"2020-10-18T14:04:10","modified_gmt":"2020-10-18T14:04:10","slug":"quienes-somos","status":"publish","type":"page","link":"https:\/\/viajesgeoturismo.com\/?page_id=24","title":{"rendered":"\u00bfQuienes somos?"},"content":{"rendered":"\n<div class=\"row\"  id=\"row-1950615253\">\n\n\n\t<div id=\"col-1036216051\" class=\"col medium-6 small-12 large-6\"  >\n\t\t\t\t<div class=\"col-inner\"  >\n\t\t\t\n\t\t\t\n\n\t<div class=\"img has-hover x md-x lg-x y md-y lg-y\" id=\"image_635144997\">\n\t\t\t\t\t\t\t\t<div class=\"img-inner dark\" >\n\t\t\t<img width=\"1020\" height=\"765\" src=\"https:\/\/viajesgeoturismo.com\/wp-content\/uploads\/2020\/10\/AF1QipPQZL13f3eLV-ZGEodejNOp7M1WLhllAxSC6TaPs1024.jpeg\" class=\"attachment-large size-large\" alt=\"\" decoding=\"async\" loading=\"lazy\" srcset=\"https:\/\/viajesgeoturismo.com\/wp-content\/uploads\/2020\/10\/AF1QipPQZL13f3eLV-ZGEodejNOp7M1WLhllAxSC6TaPs1024.jpeg 1024w, https:\/\/viajesgeoturismo.com\/wp-content\/uploads\/2020\/10\/AF1QipPQZL13f3eLV-ZGEodejNOp7M1WLhllAxSC6TaPs1024-300x225.jpeg 300w, https:\/\/viajesgeoturismo.com\/wp-content\/uploads\/2020\/10\/AF1QipPQZL13f3eLV-ZGEodejNOp7M1WLhllAxSC6TaPs1024-768x576.jpeg 768w\" sizes=\"(max-width: 1020px) 100vw, 1020px\" \/>\t\t\t\t\t\t\n\t\t\t\t\t<\/div>\n\t\t\t\t\t\t\t\t\n<style>\n#image_635144997 {\n  width: 100%;\n}\n<\/style>\n\t<\/div>\n\t\n\n\n\t\t<\/div>\n\t\t\t\t\t<\/div>\n\n\t\n\n\t<div id=\"col-1041399996\" class=\"col medium-6 small-12 large-6\"  >\n\t\t\t\t<div class=\"col-inner\"  >\n\t\t\t\n\t\t\t\n\n<div class=\"kvgmc6g5 cxmmr5t8 oygrvhab hcukyx3x c1et5uql\">\n<p dir=\"auto\"><strong>VIAJES GEOTURISMO<\/strong>, empresa con m\u00e1s de 20 a\u00f1os de experiencia en el sector tur\u00edstico especializada en viajes grupales, de incentivo, escolares, congresos adem\u00e1s de viajes por todo el mundo , empresa especializada en viajes de XV a\u00f1os, bodas en la playa, hoteles de playa y ciudades coloniales, entre otros, consolida con esta nueva etapa su posici\u00f3n en el sector.<\/p>\n<\/div>\n<div class=\"o9v6fnle cxmmr5t8 oygrvhab hcukyx3x c1et5uql\">\n<div dir=\"auto\">La experiencia acumulada nos permite ofrecer soluciones espec\u00edficas a las necesidades de nuestros clientes en los diversos sectores tur\u00edsticos de placer o de negocios.<\/div>\n<div dir=\"auto\">\u00a0<\/div>\n<\/div>\n<div class=\"o9v6fnle cxmmr5t8 oygrvhab hcukyx3x c1et5uql\">\n<h3 dir=\"auto\" style=\"text-align: center;\">\u00a1Viaja m\u00e1s, pagando menos!<\/h3>\n<div class=\"oajrlxb2 g5ia77u1 qu0x051f esr5mh6w e9989ue4 r7d6kgcz rq0escxv nhd2j8a9 nc684nl6 p7hjln8o kvgmc6g5 cxmmr5t8 oygrvhab hcukyx3x jb3vyjys rz4wbd8a qt6c0cv9 a8nywdso i1ao9s8h esuyzwwr f1sip0of lzcic4wl oo9gr5id gpro0wi8 lrazzd5p\" tabindex=\"0\" role=\"button\">\u00a0<\/div>\n<\/div>\n\n\t\t<\/div>\n\t\t\t\t\t<\/div>\n\n\t\n\n<\/div>\n\n","protected":false},"excerpt":{"rendered":"","protected":false},"author":1,"featured_media":0,"parent":0,"menu_order":0,"comment_status":"closed","ping_status":"closed","template":"","meta":{"inline_featured_image":false},"_links":{"self":[{"href":"https:\/\/viajesgeoturismo.com\/index.php?rest_route=\/wp\/v2\/pages\/24"}],"collection":[{"href":"https:\/\/viajesgeoturismo.com\/index.php?rest_route=\/wp\/v2\/pages"}],"about":[{"href":"https:\/\/viajesgeoturismo.com\/index.php?rest_route=\/wp\/v2\/types\/page"}],"author":[{"embeddable":true,"href":"https:\/\/viajesgeoturismo.com\/index.php?rest_route=\/wp\/v2\/users\/1"}],"replies":[{"embeddable":true,"href":"https:\/\/viajesgeoturismo.com\/index.php?rest_route=%2Fwp%2Fv2%2Fcomments&post=24"}],"version-history":[{"count":2,"href":"https:\/\/viajesgeoturismo.com\/index.php?rest_route=\/wp\/v2\/pages\/24\/revisions"}],"predecessor-version":[{"id":27,"href":"https:\/\/viajesgeoturismo.com\/index.php?rest_route=\/wp\/v2\/pages\/24\/revisions\/27"}],"wp:attachment":[{"href":"https:\/\/viajesgeoturismo.com\/index.php?rest_route=%2Fwp%2Fv2%2Fmedia&parent=24"}],"curies":[{"name":"wp","href":"https:\/\/api.w.org\/{rel}","templated":true}]}}